{"id":4302,"date":"2014-12-17T17:28:07","date_gmt":"2014-12-17T16:28:07","guid":{"rendered":"https:\/\/undsgn.com\/uncode\/?page_id=4302"},"modified":"2014-12-17T17:28:07","modified_gmt":"2014-12-17T16:28:07","slug":"blog-grid","status":"publish","type":"page","link":"https:\/\/www.regnbue.com.tr\/index.php\/blog\/blog-grid\/","title":{"rendered":"Blog Grid"},"content":{"rendered":"<div data-parent=\"true\" class=\"vc_row style-color-xsdn-bg row-container\" id=\"row-unique-0\"><div class=\"row full-width row-parent\"><div class=\"wpb_row row-inner\"><div class=\"wpb_column pos-top pos-center align_left column_parent col-lg-12 single-internal-gutter\"><div class=\"uncol style-light font-136269\"  ><div class=\"uncoltable\"><div class=\"uncell no-block-padding\" ><div class=\"uncont\"><div id=\"index-15588655905\" class=\"cssgrid-system cssgrid-general-light grid-general-light cssgrid-380332 ajax-grid-system ajax-hide-filters\" data-toggle=\"closed\">\n\t\t\t\t\t\t\t\n\t\t\t\t<div class=\"grid-filters menu-container menu-animated single-gutter filter-typography-inherit submenu-light  no-text-uppercase cssgrid-filters menu-light\"><div class=\"menu-horizontal menu-sub-enhanced text-mobile-center \"><div class=\"filter-main-group\"><a href=\"#\" class=\"uncode-toggle-ajax-filters item-align-left\"><span class=\"toggle-filter-hide\">Hide filters<\/span><span class=\"toggle-filter-show\">Show filters<\/span><\/a><\/div><\/div><\/div>\n\t\t\t\t<div class=\"ajax-filter-wrapper ajax-filter-position-left\">\n\t\t\t\t\t<div class=\"ajax-filter-sidebar-wrapper row-container col-lg-2\" style=\"min-width: 300px\">\n\n\t\t\t\t\t\t\n\t\t\t\t\t\t<div class=\"ajax-filter-sidebar ajax-sidebar-position-mobile-left ajax-sidebar-position-left double-margin\" data-max-width=\"0\">\n\t\t\t\t\t\t\t<div class=\"ajax-filter-sidebar-header\">\n\t\t\t\t\t\t\t\t<div class=\"close-ajax-filter-sidebar btn btn-link\"><span>&times;<\/span> Close<\/div>\n\t\t\t\t\t\t\t<\/div>\n\t\t\t\t\t\t\t<div class=\"ajax-filter-sidebar-body\">\n\t\t\t\t\t\t\t<div data-parent=\"true\" class=\"vc_row style-color-xsdn-bg row-container\" id=\"row-unique-1\"><div class=\"row limit-width row-parent\"><div class=\"wpb_row row-inner\"><div class=\"wpb_column pos-top pos-center align_left column_parent col-lg-12 no-internal-gutter\"><div class=\"uncol style-light font-136269\"  ><div class=\"uncoltable\"><div class=\"uncell no-block-padding\" ><div class=\"uncont\">\n\t<div class=\"uncode_widget widget-ajax-filters wpb_content_element widget-no-separator widget-collapse widget-desktop-collapse widget-desktop-collapse-open widget-mobile-collapse widget-mobile-collapse-open widget-tablet-collapse widget-tablet-collapse-open widget-collaps-icon widget-typography-inherit widget-ajax-filters--single widget-ajax-filters--checkbox\"  data-id=\"1\">\n\t\t\t\t\t<aside class=\"widget widget-style widget-container sidebar-widgets\">\n\t\t\n\t\t\t\t\t\t\t\t\t<h3 class=\"widget-title open\">Categories<\/h3>\n\t\t\t\t\t\t\t\t\t\t<div class=\"widget-collapse-content\">\n\t\t\t\t\t\n\t\t\n\t\t<div class=\"term-filters\">\n\t\t\t\t\t\t\t\t<ul class=\"term-filters-list \">\n\t\t\t\n\t\t\t\t\t\t\t\t\t\t\t<li class=\"term-filter\">\n\t\t\t\t\t\t\t\t\t\t\t<label for=\"filter_1088324881_1\"><input type=\"checkbox\" name=\"filter_1088324881_1\" id=\"filter_1088324881_1\" value=\"genel\" ><a href=\"https:\/\/www.regnbue.com.tr\/wp-json\/wp\/v2\/?tax_category=genel&#038;unfilter=1\" class=\"term-filter-link\" title=\"\">Genel<\/a><\/label>\n\t\t\t\t\t\n\t\t\t\t\t\t\t\t\t\t\t<span class=\"term-filter-count\">(4)<\/span>\n\t\t\t\t\t\t\t\t\t<\/li>\n\t\t\t\t\t<\/ul>\n\t\t\t\t<\/div>\n\n\t\t\t\t\t\t\t\t\t<\/div>\n\t\t\t\t\t\t<\/aside>\n\t\t\t<\/div>\n\n\t<div class=\"uncode_widget widget-ajax-filters wpb_content_element widget-no-separator widget-collapse widget-desktop-collapse widget-desktop-collapse-open widget-mobile-collapse widget-mobile-collapse-open widget-tablet-collapse widget-tablet-collapse-open widget-collaps-icon widget-typography-inherit widget-ajax-filters--single widget-ajax-filters--search\"  data-id=\"2\">\n\t\t\t\t\t<aside class=\"widget widget-style widget-container sidebar-widgets\">\n\t\t\n\t\t\t\t\t\t\t\t\t<h3 class=\"widget-title open\">Search<\/h3>\n\t\t\t\t\t\t\t\t\t\t<div class=\"widget-collapse-content\">\n\t\t\t\t\t\n\t\t\n\t\t<div class=\"term-filters\">\n\t\t\t\t<div class=\"term-filters-search search-container-inner\">\n\t\t<input type=\"search\" name=\"term-filters-search-input\" class=\"term-filters-search-input form-fluid\" value=\"\" placeholder=\"Search\u2026\">\n\t\t<i class=\"fa fa-search3\"><\/i>\n\t<\/div>\n\t\t\t<\/div>\n\n\t\t\t\t\t\t\t\t\t<\/div>\n\t\t\t\t\t\t<\/aside>\n\t\t\t<\/div>\n\n\t<div class=\"uncode_widget widget-ajax-filters wpb_content_element widget-no-separator widget-collapse widget-desktop-collapse widget-desktop-collapse-open widget-mobile-collapse widget-mobile-collapse-open widget-tablet-collapse widget-tablet-collapse-open widget-collaps-icon widget-typography-inherit widget-ajax-filters--single widget-ajax-filters--checkbox\"  data-id=\"3\">\n\t\t\t\t\t<aside class=\"widget widget-style widget-container sidebar-widgets\">\n\t\t\n\t\t\t\t\t\t\t\t\t<h3 class=\"widget-title open\">Date<\/h3>\n\t\t\t\t\t\t\t\t\t\t<div class=\"widget-collapse-content\">\n\t\t\t\t\t\n\t\t\n\t\t<div class=\"term-filters\">\n\t\t\t\t\t\t\t\t<ul class=\"term-filters-list \">\n\t\t\t\n\t\t\t\t\t\t\t\t\t\t\t<li class=\"term-filter\">\n\t\t\t\t\t\t\t\t\t\t\t<label for=\"filter_1470904076_2023_03\"><input type=\"checkbox\" name=\"filter_1470904076_2023_03\" id=\"filter_1470904076_2023_03\" value=\"2023_03\" ><a href=\"https:\/\/www.regnbue.com.tr\/wp-json\/wp\/v2\/?date=2023_03&#038;unfilter=1\" class=\"term-filter-link\" title=\"\">Mart 2023<\/a><\/label>\n\t\t\t\t\t\n\t\t\t\t\t\t\t\t\t\t\t<span class=\"term-filter-count\">(1)<\/span>\n\t\t\t\t\t\t\t\t\t<\/li>\n\t\t\t\t\t\t\t\t\t\t\t<li class=\"term-filter\">\n\t\t\t\t\t\t\t\t\t\t\t<label for=\"filter_121108506_2023_01\"><input type=\"checkbox\" name=\"filter_121108506_2023_01\" id=\"filter_121108506_2023_01\" value=\"2023_01\" ><a href=\"https:\/\/www.regnbue.com.tr\/wp-json\/wp\/v2\/?date=2023_01&#038;unfilter=1\" class=\"term-filter-link\" title=\"\">Ocak 2023<\/a><\/label>\n\t\t\t\t\t\n\t\t\t\t\t\t\t\t\t\t\t<span class=\"term-filter-count\">(2)<\/span>\n\t\t\t\t\t\t\t\t\t<\/li>\n\t\t\t\t\t\t\t\t\t\t\t<li class=\"term-filter\">\n\t\t\t\t\t\t\t\t\t\t\t<label for=\"filter_429390133_2021_05\"><input type=\"checkbox\" name=\"filter_429390133_2021_05\" id=\"filter_429390133_2021_05\" value=\"2021_05\" ><a href=\"https:\/\/www.regnbue.com.tr\/wp-json\/wp\/v2\/?date=2021_05&#038;unfilter=1\" class=\"term-filter-link\" title=\"\">May\u0131s 2021<\/a><\/label>\n\t\t\t\t\t\n\t\t\t\t\t\t\t\t\t\t\t<span class=\"term-filter-count\">(1)<\/span>\n\t\t\t\t\t\t\t\t\t<\/li>\n\t\t\t\t\t<\/ul>\n\t\t\t\t<\/div>\n\n\t\t\t\t\t\t\t\t\t<\/div>\n\t\t\t\t\t\t<\/aside>\n\t\t\t<\/div>\n\n<\/div><\/div><\/div><\/div><\/div><script id=\"script-row-unique-1\" data-row=\"script-row-unique-1\" type=\"text\/javascript\" class=\"vc_controls\">UNCODE.initRow(document.getElementById(\"row-unique-1\"));<\/script><\/div><\/div><\/div>\n\t\t\t\t\t\t\t<\/div>\n\t\t\t\t\t\t\t<div class=\"ajax-filter-sidebar-footer\">\n\t\t\t\t\t\t\t\t<p class=\"ajax-filter-sidebar__buttons buttons\">\n\t\t\t\t\t\t\t\t\t<a href=\"https:\/\/www.regnbue.com.tr\/wp-json\/wp\/v2\/\" class=\"btn btn-default ajax-filter-sidebar__button ajax-filter-sidebar__button--clear\">Clear all<\/a>\n\t\t\t\t\t\t\t\t\t<a href=\"#\" class=\"btn btn-default ajax-filter-sidebar__button ajax-filter-sidebar__button--apply\">Apply<\/a>\n\t\t\t\t\t\t\t\t<\/p>\n\t\t\t\t\t\t\t<\/div>\n\t\t\t\t\t\t<\/div>\n\t\t\t\t\t\t<div id=\"ajax_sidebar_overlay\" class=\"overlay style-dark-bg\"><\/div>\n\n\t\t\t\t\t\t\n\t\t\t\t\t<\/div>\n\n\t\t\t\n\t\t\t\t\t\t<div class=\"cssgrid-wrapper grid-wrapper cssgrid-single-gutter col-lg-10\" style=\"max-width: calc(100% - 300px)\">\t\t\t\t\t\t<div class=\"cssgrid-container grid-container cssgrid-layout cssgrid-equal-height cssgrid-infinite grid-infinite\" >\t\t\t<div class=\"tmb atc-typography-inherit tmb-grid tmb-iso-h4 tmb-round img-round-xs tmb-light tmb-text-showed tmb-content-left tmb-image-anim tmb-shadowed tmb-shadowed-sm tmb-meta-size-default tmb-meta-weight-400  grid-cat-1 tmb-id-118213 tmb-img-ratio tmb-content-under tmb-media-first\" ><div class=\"t-inside style-color-xsdn-bg\" ><div class=\"t-entry-visual\"><div class=\"t-entry-visual-tc\"><div class=\"t-entry-visual-cont\"><span class=\"t-cat-over single-block-padding t-cat-over-topright\"><span class=\"t-entry-category t-cat-over-inner\"><a class=\"transparent-cat tmb-term-evidence font-ui\" href=\"https:\/\/www.regnbue.com.tr\/index.php\/category\/genel\/\">Genel<\/a><\/span><\/span><div class=\"dummy\" style=\"padding-top: 66.7%;\"><\/div><a tabindex=\"-1\" href=\"https:\/\/www.regnbue.com.tr\/index.php\/2023\/03\/01\/profesyonel-site-yonetimi-nedir-nasil-olur\/\" class=\"pushed\" target=\"_self\" data-lb-index=\"0\"><div class=\"t-entry-visual-overlay\"><div class=\"t-entry-visual-overlay-in style-dark-bg\" style=\"opacity: 0.5;\"><\/div><\/div><img decoding=\"async\" class=\"wp-image-118214\" src=\"https:\/\/www.regnbue.com.tr\/wp-content\/uploads\/2023\/01\/Adsiz-tasarim-2-1-uai-1080x720.png\" width=\"1080\" height=\"720\" alt=\"\" \/><\/a><\/div>\n\t\t\t\t\t<\/div>\n\t\t\t\t<\/div><div class=\"t-entry-text\">\n\t\t\t\t\t\t\t\t\t<div class=\"t-entry-text-tc single-block-padding\"><div class=\"t-entry\"><p class=\"t-entry-meta\"><span class=\"t-entry-date\">1 Mart 2023<\/span><\/p><h3 class=\"t-entry-title font-136269 h4 font-weight-500 title-scale\"><a href=\"https:\/\/www.regnbue.com.tr\/index.php\/2023\/03\/01\/profesyonel-site-yonetimi-nedir-nasil-olur\/\" target=\"_self\">Profesyonel Site Y\u00f6netimi Nedir? Nas\u0131l olur?<\/a><\/h3><div class=\"spacer spacer-one half-space\"><\/div><div class=\"t-entry-excerpt \"><\/div><hr class=\"separator-extra\" \/><p class=\"t-entry-meta t-entry-author\"><a href=\"https:\/\/www.regnbue.com.tr\/index.php\/author\/mubin1156\/\" class=\"tmb-avatar-size-md\"><img alt='' src='https:\/\/secure.gravatar.com\/avatar\/96a7af49cbe18887df05c772d60d1327104b8186ba4447f5e2c8be6300f078a8?s=40&#038;d=mm&#038;r=g' srcset='https:\/\/secure.gravatar.com\/avatar\/96a7af49cbe18887df05c772d60d1327104b8186ba4447f5e2c8be6300f078a8?s=80&#038;d=mm&#038;r=g 2x' class='avatar avatar-40 photo' height='40' width='40' loading='lazy'\/><span class=\"tmb-username-wrap\"><span class=\"tmb-username-text\">by mubin1156<\/span><span class=\"tmb-user-qualification\"><\/span><\/span><\/a><\/p><\/div><\/div>\n\t\t\t\t\t\t\t<\/div><\/div><\/div><div class=\"tmb atc-typography-inherit tmb-grid tmb-iso-h4 tmb-round img-round-xs tmb-light tmb-text-showed tmb-content-left tmb-image-anim tmb-shadowed tmb-shadowed-sm tmb-meta-size-default tmb-meta-weight-400  grid-cat-1 tmb-id-118221 tmb-img-ratio tmb-content-under tmb-media-first\" ><div class=\"t-inside style-color-xsdn-bg\" ><div class=\"t-entry-visual\"><div class=\"t-entry-visual-tc\"><div class=\"t-entry-visual-cont\"><span class=\"t-cat-over single-block-padding t-cat-over-topright\"><span class=\"t-entry-category t-cat-over-inner\"><a class=\"transparent-cat tmb-term-evidence font-ui\" href=\"https:\/\/www.regnbue.com.tr\/index.php\/category\/genel\/\">Genel<\/a><\/span><\/span><div class=\"dummy\" style=\"padding-top: 66.7%;\"><\/div><a tabindex=\"-1\" href=\"https:\/\/www.regnbue.com.tr\/index.php\/2023\/01\/12\/profesyonel-site-yonetimine-nasil-gecilir\/\" class=\"pushed\" target=\"_self\" data-lb-index=\"1\"><div class=\"t-entry-visual-overlay\"><div class=\"t-entry-visual-overlay-in style-dark-bg\" style=\"opacity: 0.5;\"><\/div><\/div><img decoding=\"async\" class=\"wp-image-118222\" src=\"https:\/\/www.regnbue.com.tr\/wp-content\/uploads\/2023\/01\/Adsiz-tasarim-4-uai-1080x720.png\" width=\"1080\" height=\"720\" alt=\"\" \/><\/a><\/div>\n\t\t\t\t\t<\/div>\n\t\t\t\t<\/div><div class=\"t-entry-text\">\n\t\t\t\t\t\t\t\t\t<div class=\"t-entry-text-tc single-block-padding\"><div class=\"t-entry\"><p class=\"t-entry-meta\"><span class=\"t-entry-date\">12 Ocak 2023<\/span><\/p><h3 class=\"t-entry-title font-136269 h4 font-weight-500 title-scale\"><a href=\"https:\/\/www.regnbue.com.tr\/index.php\/2023\/01\/12\/profesyonel-site-yonetimine-nasil-gecilir\/\" target=\"_self\">Profesyonel site y\u00f6netimine nas\u0131l ge\u00e7ilir?<\/a><\/h3><div class=\"spacer spacer-one half-space\"><\/div><div class=\"t-entry-excerpt \"><\/div><hr class=\"separator-extra\" \/><p class=\"t-entry-meta t-entry-author\"><a href=\"https:\/\/www.regnbue.com.tr\/index.php\/author\/mubin1156\/\" class=\"tmb-avatar-size-md\"><img alt='' src='https:\/\/secure.gravatar.com\/avatar\/96a7af49cbe18887df05c772d60d1327104b8186ba4447f5e2c8be6300f078a8?s=40&#038;d=mm&#038;r=g' srcset='https:\/\/secure.gravatar.com\/avatar\/96a7af49cbe18887df05c772d60d1327104b8186ba4447f5e2c8be6300f078a8?s=80&#038;d=mm&#038;r=g 2x' class='avatar avatar-40 photo' height='40' width='40' loading='lazy'\/><span class=\"tmb-username-wrap\"><span class=\"tmb-username-text\">by mubin1156<\/span><span class=\"tmb-user-qualification\"><\/span><\/span><\/a><\/p><\/div><\/div>\n\t\t\t\t\t\t\t<\/div><\/div><\/div><div class=\"tmb atc-typography-inherit tmb-grid tmb-iso-h4 tmb-round img-round-xs tmb-light tmb-text-showed tmb-content-left tmb-image-anim tmb-shadowed tmb-shadowed-sm tmb-meta-size-default tmb-meta-weight-400  grid-cat-1 tmb-id-118217 tmb-img-ratio tmb-content-under tmb-media-first\" ><div class=\"t-inside style-color-xsdn-bg\" ><div class=\"t-entry-visual\"><div class=\"t-entry-visual-tc\"><div class=\"t-entry-visual-cont\"><span class=\"t-cat-over single-block-padding t-cat-over-topright\"><span class=\"t-entry-category t-cat-over-inner\"><a class=\"transparent-cat tmb-term-evidence font-ui\" href=\"https:\/\/www.regnbue.com.tr\/index.php\/category\/genel\/\">Genel<\/a><\/span><\/span><div class=\"dummy\" style=\"padding-top: 66.7%;\"><\/div><a tabindex=\"-1\" href=\"https:\/\/www.regnbue.com.tr\/index.php\/2023\/01\/12\/profesyonel-yonetim-nedir\/\" class=\"pushed\" target=\"_self\" data-lb-index=\"2\"><div class=\"t-entry-visual-overlay\"><div class=\"t-entry-visual-overlay-in style-dark-bg\" style=\"opacity: 0.5;\"><\/div><\/div><img decoding=\"async\" class=\"wp-image-118218\" src=\"https:\/\/www.regnbue.com.tr\/wp-content\/uploads\/2023\/01\/Adsiz-tasarim-3-uai-1080x720.png\" width=\"1080\" height=\"720\" alt=\"\" \/><\/a><\/div>\n\t\t\t\t\t<\/div>\n\t\t\t\t<\/div><div class=\"t-entry-text\">\n\t\t\t\t\t\t\t\t\t<div class=\"t-entry-text-tc single-block-padding\"><div class=\"t-entry\"><p class=\"t-entry-meta\"><span class=\"t-entry-date\">12 Ocak 2023<\/span><\/p><h3 class=\"t-entry-title font-136269 h4 font-weight-500 title-scale\"><a href=\"https:\/\/www.regnbue.com.tr\/index.php\/2023\/01\/12\/profesyonel-yonetim-nedir\/\" target=\"_self\">Mevzuat<\/a><\/h3><div class=\"spacer spacer-one half-space\"><\/div><div class=\"t-entry-excerpt \"><\/div><hr class=\"separator-extra\" \/><p class=\"t-entry-meta t-entry-author\"><a href=\"https:\/\/www.regnbue.com.tr\/index.php\/author\/mubin1156\/\" class=\"tmb-avatar-size-md\"><img alt='' src='https:\/\/secure.gravatar.com\/avatar\/96a7af49cbe18887df05c772d60d1327104b8186ba4447f5e2c8be6300f078a8?s=40&#038;d=mm&#038;r=g' srcset='https:\/\/secure.gravatar.com\/avatar\/96a7af49cbe18887df05c772d60d1327104b8186ba4447f5e2c8be6300f078a8?s=80&#038;d=mm&#038;r=g 2x' class='avatar avatar-40 photo' height='40' width='40' loading='lazy'\/><span class=\"tmb-username-wrap\"><span class=\"tmb-username-text\">by mubin1156<\/span><span class=\"tmb-user-qualification\"><\/span><\/span><\/a><\/p><\/div><\/div>\n\t\t\t\t\t\t\t<\/div><\/div><\/div><div class=\"tmb atc-typography-inherit tmb-grid tmb-iso-h4 tmb-round img-round-xs tmb-light tmb-text-showed tmb-content-left tmb-image-anim tmb-shadowed tmb-shadowed-sm tmb-meta-size-default tmb-meta-weight-400  grid-cat-1 tmb-id-118568 tmb-img-ratio tmb-content-under tmb-media-first\" ><div class=\"t-inside style-color-xsdn-bg\" ><div class=\"t-entry-visual\"><div class=\"t-entry-visual-tc\"><div class=\"t-entry-visual-cont\"><span class=\"t-cat-over single-block-padding t-cat-over-topright\"><span class=\"t-entry-category t-cat-over-inner\"><a class=\"transparent-cat tmb-term-evidence font-ui\" href=\"https:\/\/www.regnbue.com.tr\/index.php\/category\/genel\/\">Genel<\/a><\/span><\/span><div class=\"dummy\" style=\"padding-top: 66.7%;\"><\/div><a tabindex=\"-1\" href=\"https:\/\/www.regnbue.com.tr\/index.php\/2021\/05\/18\/kvkk\/\" class=\"pushed\" target=\"_self\" data-lb-index=\"3\"><div class=\"t-entry-visual-overlay\"><div class=\"t-entry-visual-overlay-in style-dark-bg\" style=\"opacity: 0.5;\"><\/div><\/div><img decoding=\"async\" class=\"wp-image-118569\" src=\"https:\/\/www.regnbue.com.tr\/wp-content\/uploads\/2023\/05\/Adsiz-tasarim-uai-1080x720.png\" width=\"1080\" height=\"720\" alt=\"\" \/><\/a><\/div>\n\t\t\t\t\t<\/div>\n\t\t\t\t<\/div><div class=\"t-entry-text\">\n\t\t\t\t\t\t\t\t\t<div class=\"t-entry-text-tc single-block-padding\"><div class=\"t-entry\"><p class=\"t-entry-meta\"><span class=\"t-entry-date\">18 May\u0131s 2021<\/span><\/p><h3 class=\"t-entry-title font-136269 h4 font-weight-500 title-scale\"><a href=\"https:\/\/www.regnbue.com.tr\/index.php\/2021\/05\/18\/kvkk\/\" target=\"_self\">KVKK<\/a><\/h3><div class=\"spacer spacer-one half-space\"><\/div><div class=\"t-entry-excerpt \"><\/div><hr class=\"separator-extra\" \/><p class=\"t-entry-meta t-entry-author\"><a href=\"https:\/\/www.regnbue.com.tr\/index.php\/author\/mubin1156\/\" class=\"tmb-avatar-size-md\"><img alt='' src='https:\/\/secure.gravatar.com\/avatar\/96a7af49cbe18887df05c772d60d1327104b8186ba4447f5e2c8be6300f078a8?s=40&#038;d=mm&#038;r=g' srcset='https:\/\/secure.gravatar.com\/avatar\/96a7af49cbe18887df05c772d60d1327104b8186ba4447f5e2c8be6300f078a8?s=80&#038;d=mm&#038;r=g 2x' class='avatar avatar-40 photo' height='40' width='40' loading='lazy'\/><span class=\"tmb-username-wrap\"><span class=\"tmb-username-text\">by mubin1156<\/span><span class=\"tmb-user-qualification\"><\/span><\/span><\/a><\/p><\/div><\/div>\n\t\t\t\t\t\t\t<\/div><\/div><\/div>\t\t<\/div>\n\t\n\n\t\t\t\t<div class=\"cssgrid-footer grid-footer style-light without-bg single-gutter\">\n\t\t\t\t\t<\/div>\n\t\t\t\t<\/div>\t\t\t\t\t<div class=\"ajax-filter-footprint col-lg-2\" style=\"min-width: 300px\"><\/div>\n\t\t\t<\/div><!-- .ajax-filter-wrapper -->\n\t\t\t\t<\/div>\n<\/div><\/div><\/div><\/div><\/div><script id=\"script-row-unique-0\" data-row=\"script-row-unique-0\" type=\"text\/javascript\" class=\"vc_controls\">UNCODE.initRow(document.getElementById(\"row-unique-0\"));<\/script><\/div><\/div><\/div>\n","protected":false},"excerpt":{"rendered":"K\u0130\u015e\u0130SEL VER\u0130LER\u0130N KORUNMASI KANUNU Kanun Numaras\u0131 : 6698 Kabul Tarihi : 24\/3\/2016 Yay\u0131mland\u0131\u011f\u0131 Resm\u00ee Gazete : Tarih : 7\/4\/2016 Say\u0131 [...]","protected":false},"author":1,"featured_media":0,"parent":36645,"menu_order":0,"comment_status":"open","ping_status":"closed","template":"","meta":{"footnotes":""},"class_list":["post-4302","page","type-page","status-publish","hentry"],"_links":{"self":[{"href":"https:\/\/www.regnbue.com.tr\/index.php\/wp-json\/wp\/v2\/pages\/4302","targetHints":{"allow":["GET"]}}],"collection":[{"href":"https:\/\/www.regnbue.com.tr\/index.php\/wp-json\/wp\/v2\/pages"}],"about":[{"href":"https:\/\/www.regnbue.com.tr\/index.php\/wp-json\/wp\/v2\/types\/page"}],"author":[{"embeddable":true,"href":"https:\/\/www.regnbue.com.tr\/index.php\/wp-json\/wp\/v2\/users\/1"}],"replies":[{"embeddable":true,"href":"https:\/\/www.regnbue.com.tr\/index.php\/wp-json\/wp\/v2\/comments?post=4302"}],"version-history":[{"count":0,"href":"https:\/\/www.regnbue.com.tr\/index.php\/wp-json\/wp\/v2\/pages\/4302\/revisions"}],"up":[{"embeddable":true,"href":"https:\/\/www.regnbue.com.tr\/index.php\/wp-json\/wp\/v2\/pages\/36645"}],"wp:attachment":[{"href":"https:\/\/www.regnbue.com.tr\/index.php\/wp-json\/wp\/v2\/media?parent=4302"}],"curies":[{"name":"wp","href":"https:\/\/api.w.org\/{rel}","templated":true}]}}