{"id":54885,"date":"2017-03-31T14:42:44","date_gmt":"2017-03-31T12:42:44","guid":{"rendered":"https:\/\/undsgn.com\/uncode\/?page_id=54885"},"modified":"2017-03-31T14:42:44","modified_gmt":"2017-03-31T12:42:44","slug":"blog-author","status":"publish","type":"page","link":"https:\/\/www.regnbue.com.tr\/index.php\/blog-author\/","title":{"rendered":"Blog Author"},"content":{"rendered":"<div data-parent=\"true\" class=\"vc_row style-color-xsdn-bg row-container\" id=\"row-unique-0\"><div class=\"row unequal col-double-gutter exa-top-padding exa-bottom-padding triple-h-padding full-width row-parent\"><div class=\"wpb_row row-inner\"><div class=\"wpb_column pos-top pos-left align_left column_parent col-lg-3 single-internal-gutter\"><div class=\"uncol style-light font-175345\"  ><div class=\"uncoltable\"><div class=\"uncell no-block-padding\" ><div class=\"uncont\" style=\"max-width:75%;\"><div class=\"author-profile el-author-profile author-profile-box-top  has-thumb\" ><div class=\"uncode-avatar-wrapper single-media uncode-single-media\" style=\"width: 100px\"><div class=\"single-wrapper\" style=\"max-width: 100px\"><div class=\"uncode-single-media-wrapper single-advanced\"><div class=\"tmb  img-circle tmb-media-first tmb-light tmb-img-ratio tmb-content-under tmb-media-last tmb-no-bg\" ><div class=\"t-inside\" ><div class=\"t-entry-visual\"><div class=\"t-entry-visual-tc\"><div class=\"t-entry-visual-cont\"><div class=\"dummy\" style=\"padding-top: 100%;\"><\/div><div class=\"t-entry-visual-overlay\"><div class=\"t-entry-visual-overlay-in \" style=\"opacity: 0;\"><\/div><\/div><img decoding=\"async\" class=\"wp-image-2286\" src=\"https:\/\/www.regnbue.com.tr\/wp-content\/uploads\/2022\/09\/image-placeholder-6-min-uai-1280x1280.jpg\" width=\"1280\" height=\"1280\" alt=\"\" \/><\/div>\n\t\t\t\t\t<\/div>\n\t\t\t\t<\/div><\/div><\/div><\/div><\/div><\/div><div class=\"author-profile-content\"><h3 class=\"h4 fontspace-111509 font-weight-800\"><span>mubin1156<\/span><\/h3><div class=\"contact-methods contact-methods-userid-1\">\n\t\t\t\t<ul>\n\t\t\t\t\t<li class=\"contact-method-link\"><a href=\"https:\/\/www.regnbue.com.tr\" target=\"_blank\"><i class=\"fa fa-link\"><\/i><\/a><\/li>\n\t\t\t\t<\/ul>\n\t\t\t<\/div><\/div><\/div><\/div><\/div><\/div><\/div><\/div><div class=\"wpb_column pos-middle pos-center align_left column_parent col-lg-9 double-internal-gutter\"><div class=\"uncol style-light sticky-element sticky-sidebar\"  ><div class=\"uncoltable\"><div class=\"uncell no-block-padding\" ><div class=\"uncont\"><div class=\"vc_custom_heading_wrap \"><div class=\"heading-text el-text\" ><h2 class=\"fontsize-445851 fontspace-111509 font-weight-800\" ><span>Hello and welcome!<br \/><\/span><span>I occasionally post about digital products.<\/span><\/h2><\/div><div class=\"clear\"><\/div><\/div><\/div><\/div><\/div><\/div><\/div><script id=\"script-row-unique-0\" data-row=\"script-row-unique-0\" type=\"text\/javascript\" class=\"vc_controls\">UNCODE.initRow(document.getElementById(\"row-unique-0\"));<\/script><\/div><\/div><\/div><div data-parent=\"true\" class=\"vc_row style-color-lxmt-bg vc_custom_1623739465718 border-color-gyho-color row-container\" style=\"border-style: solid;border-bottom-width: 1px ;\" id=\"row-unique-1\"><div class=\"row col-double-gutter quad-top-padding quad-bottom-padding triple-h-padding full-width row-parent\"><div class=\"wpb_row row-inner\"><div class=\"wpb_column pos-top pos-center align_center column_parent col-lg-12 single-internal-gutter\"><div class=\"uncol style-light font-175345 sticky-element sticky-sidebar\"  ><div class=\"uncoltable\"><div class=\"uncell no-block-padding\" ><div class=\"uncont\"><div id=\"index-1\" class=\"isotope-system isotope-general-light grid-general-light\" >\n\t\t\t\n\t\t\t\t\t\t<div class=\"isotope-wrapper grid-wrapper double-gutter\">\t\t\t\t\t\t<div class=\"isotope-container grid-container isotope-layout style-masonry isotope-pagination grid-pagination\" data-type=\"masonry\" data-layout=\"fitRows\" data-lg=\"1200\" data-md=\"1000\" data-sm=\"480\" data-vp-height=\"\">\t\t\t<div class=\"tmb atc-typography-inherit tmb-iso-w3 tmb-iso-h4 tmb-light tmb-overlay-text-anim tmb-overlay-anim tmb-content-left tmb-content-mobile-center tmb-image-color-anim tmb-image-anim  grid-cat-1 tmb-id-118213 tmb-only-text tmb-content-under tmb-no-bg\" ><div class=\"t-inside\" ><div class=\"t-entry-text\">\n\t\t\t\t\t\t\t\t\t<div class=\"t-entry-text-tc no-block-padding\"><div class=\"t-entry\"><p class=\"t-entry-meta\"><span class=\"t-entry-date\">1 Mart 2023<\/span><\/p><h3 class=\"t-entry-title h3 font-weight-700 fontspace-781688 title-scale\"><a href=\"https:\/\/www.regnbue.com.tr\/index.php\/2023\/03\/01\/profesyonel-site-yonetimi-nedir-nasil-olur\/\" target=\"_self\">Profesyonel Site Y\u00f6netimi Nedir? Nas\u0131l olur?<\/a><\/h3><div class=\"spacer spacer-one half-space\"><\/div><div class=\"t-entry-excerpt text-lead\"><p class=\"text-lead\"><\/p><\/div><hr \/><p class=\"t-entry-comments entry-small\"><span class=\"extras\"><a class=\"extras-wrap\" href=\"https:\/\/www.regnbue.com.tr\/index.php\/2023\/03\/01\/profesyonel-site-yonetimi-nedir-nasil-olur\/#respond\" title=\"title\"><i class=\"fa fa-speech-bubble\"><\/i><span>0 Comments<\/span><\/a><span class=\"extras-wrap\"><i class=\"fa fa-watch\"><\/i><span>1 Minutes<\/span><\/span><\/span><\/p><\/div><\/div>\n\t\t\t\t\t\t\t<\/div><\/div><\/div><div class=\"tmb atc-typography-inherit tmb-iso-w3 tmb-iso-h4 tmb-light tmb-overlay-text-anim tmb-overlay-anim tmb-content-left tmb-content-mobile-center tmb-image-color-anim tmb-image-anim  grid-cat-1 tmb-id-118221 tmb-only-text tmb-content-under tmb-no-bg\" ><div class=\"t-inside\" ><div class=\"t-entry-text\">\n\t\t\t\t\t\t\t\t\t<div class=\"t-entry-text-tc no-block-padding\"><div class=\"t-entry\"><p class=\"t-entry-meta\"><span class=\"t-entry-date\">12 Ocak 2023<\/span><\/p><h3 class=\"t-entry-title h3 font-weight-700 fontspace-781688 title-scale\"><a href=\"https:\/\/www.regnbue.com.tr\/index.php\/2023\/01\/12\/profesyonel-site-yonetimine-nasil-gecilir\/\" target=\"_self\">Profesyonel site y\u00f6netimine nas\u0131l ge\u00e7ilir?<\/a><\/h3><div class=\"spacer spacer-one half-space\"><\/div><div class=\"t-entry-excerpt text-lead\"><p class=\"text-lead\"><\/p><\/div><hr \/><p class=\"t-entry-comments entry-small\"><span class=\"extras\"><a class=\"extras-wrap\" href=\"https:\/\/www.regnbue.com.tr\/index.php\/2023\/01\/12\/profesyonel-site-yonetimine-nasil-gecilir\/#respond\" title=\"title\"><i class=\"fa fa-speech-bubble\"><\/i><span>0 Comments<\/span><\/a><span class=\"extras-wrap\"><i class=\"fa fa-watch\"><\/i><span>1 Minute<\/span><\/span><\/span><\/p><\/div><\/div>\n\t\t\t\t\t\t\t<\/div><\/div><\/div><div class=\"tmb atc-typography-inherit tmb-iso-w3 tmb-iso-h4 tmb-light tmb-overlay-text-anim tmb-overlay-anim tmb-content-left tmb-content-mobile-center tmb-image-color-anim tmb-image-anim  grid-cat-1 tmb-id-118217 tmb-only-text tmb-content-under tmb-no-bg\" ><div class=\"t-inside\" ><div class=\"t-entry-text\">\n\t\t\t\t\t\t\t\t\t<div class=\"t-entry-text-tc no-block-padding\"><div class=\"t-entry\"><p class=\"t-entry-meta\"><span class=\"t-entry-date\">12 Ocak 2023<\/span><\/p><h3 class=\"t-entry-title h3 font-weight-700 fontspace-781688 title-scale\"><a href=\"https:\/\/www.regnbue.com.tr\/index.php\/2023\/01\/12\/profesyonel-yonetim-nedir\/\" target=\"_self\">Mevzuat<\/a><\/h3><div class=\"spacer spacer-one half-space\"><\/div><div class=\"t-entry-excerpt text-lead\"><p class=\"text-lead\"><\/p><\/div><hr \/><p class=\"t-entry-comments entry-small\"><span class=\"extras\"><a class=\"extras-wrap\" href=\"https:\/\/www.regnbue.com.tr\/index.php\/2023\/01\/12\/profesyonel-yonetim-nedir\/#respond\" title=\"title\"><i class=\"fa fa-speech-bubble\"><\/i><span>0 Comments<\/span><\/a><span class=\"extras-wrap\"><i class=\"fa fa-watch\"><\/i><span>1 Minute<\/span><\/span><\/span><\/p><\/div><\/div>\n\t\t\t\t\t\t\t<\/div><\/div><\/div><div class=\"tmb atc-typography-inherit tmb-iso-w3 tmb-iso-h4 tmb-light tmb-overlay-text-anim tmb-overlay-anim tmb-content-left tmb-content-mobile-center tmb-image-color-anim tmb-image-anim  grid-cat-1 tmb-id-118568 tmb-only-text tmb-content-under tmb-no-bg\" ><div class=\"t-inside\" ><div class=\"t-entry-text\">\n\t\t\t\t\t\t\t\t\t<div class=\"t-entry-text-tc no-block-padding\"><div class=\"t-entry\"><p class=\"t-entry-meta\"><span class=\"t-entry-date\">18 May\u0131s 2021<\/span><\/p><h3 class=\"t-entry-title h3 font-weight-700 fontspace-781688 title-scale\"><a href=\"https:\/\/www.regnbue.com.tr\/index.php\/2021\/05\/18\/kvkk\/\" target=\"_self\">KVKK<\/a><\/h3><div class=\"spacer spacer-one half-space\"><\/div><div class=\"t-entry-excerpt text-lead\"><p class=\"text-lead\"><\/p><\/div><hr \/><p class=\"t-entry-comments entry-small\"><span class=\"extras\"><a class=\"extras-wrap\" href=\"https:\/\/www.regnbue.com.tr\/index.php\/2021\/05\/18\/kvkk\/#respond\" title=\"title\"><i class=\"fa fa-speech-bubble\"><\/i><span>0 Comments<\/span><\/a><span class=\"extras-wrap\"><i class=\"fa fa-watch\"><\/i><span>47 Minutes<\/span><\/span><\/span><\/p><\/div><\/div>\n\t\t\t\t\t\t\t<\/div><\/div><\/div>\t\t<\/div>\n\t\n\n\t<\/div>\t\t\t<\/div>\n<\/div><\/div><\/div><\/div><\/div><script id=\"script-row-unique-1\" data-row=\"script-row-unique-1\" type=\"text\/javascript\" class=\"vc_controls\">UNCODE.initRow(document.getElementById(\"row-unique-1\"));<\/script><\/div><\/div><\/div>\n","protected":false},"excerpt":{"rendered":"K\u0130\u015e\u0130SEL VER\u0130LER\u0130N KORUNMASI KANUNU Kanun Numaras\u0131 : 6698 Kabul Tarihi : 24\/3\/2016 Yay\u0131mland\u0131\u011f\u0131 Resm\u00ee Gazete : Tarih : 7\/4\/2016 Say\u0131 [...]","protected":false},"author":1,"featured_media":99706,"parent":0,"menu_order":0,"comment_status":"closed","ping_status":"closed","template":"","meta":{"footnotes":""},"class_list":["post-54885","page","type-page","status-publish","has-post-thumbnail","hentry","page_category-demo-blog"],"_links":{"self":[{"href":"https:\/\/www.regnbue.com.tr\/index.php\/wp-json\/wp\/v2\/pages\/54885","targetHints":{"allow":["GET"]}}],"collection":[{"href":"https:\/\/www.regnbue.com.tr\/index.php\/wp-json\/wp\/v2\/pages"}],"about":[{"href":"https:\/\/www.regnbue.com.tr\/index.php\/wp-json\/wp\/v2\/types\/page"}],"author":[{"embeddable":true,"href":"https:\/\/www.regnbue.com.tr\/index.php\/wp-json\/wp\/v2\/users\/1"}],"replies":[{"embeddable":true,"href":"https:\/\/www.regnbue.com.tr\/index.php\/wp-json\/wp\/v2\/comments?post=54885"}],"version-history":[{"count":0,"href":"https:\/\/www.regnbue.com.tr\/index.php\/wp-json\/wp\/v2\/pages\/54885\/revisions"}],"wp:featuredmedia":[{"embeddable":true,"href":"https:\/\/www.regnbue.com.tr\/index.php\/wp-json\/wp\/v2\/media\/99706"}],"wp:attachment":[{"href":"https:\/\/www.regnbue.com.tr\/index.php\/wp-json\/wp\/v2\/media?parent=54885"}],"curies":[{"name":"wp","href":"https:\/\/api.w.org\/{rel}","templated":true}]}}