{"id":65986,"date":"2017-09-07T10:25:12","date_gmt":"2017-09-07T08:25:12","guid":{"rendered":"https:\/\/undsgn.com\/uncode\/?page_id=65986"},"modified":"2017-09-07T10:25:12","modified_gmt":"2017-09-07T08:25:12","slug":"blog-impact","status":"publish","type":"page","link":"https:\/\/www.regnbue.com.tr\/index.php\/blog-impact\/","title":{"rendered":"Blog Impact"},"content":{"rendered":"<div data-parent=\"true\" class=\"vc_row row-container\" id=\"row-unique-0\"><div class=\"row no-top-padding no-bottom-padding no-h-padding full-width row-parent\" data-height-ratio=\"full\"><div class=\"wpb_row row-inner\"><div class=\"wpb_column pos-top pos-center align_center column_parent col-lg-12 single-internal-gutter\"><div class=\"uncol style-dark font-339240\"  ><div class=\"uncoltable\"><div class=\"uncell no-block-padding\" ><div class=\"uncont\"><div id=\"index-138684\" class=\"isotope-system isotope-general-light grid-general-light add-kburns\" >\n\t\t\t\n\t\t\t\t\t\t<div class=\"isotope-wrapper grid-wrapper no-gutter\">\t\t\t\t\t\t<div class=\"isotope-container grid-container isotope-layout style-metro isotope-pagination grid-pagination\" data-type=\"metro\" data-layout=\"masonry\" data-lg=\"100\" data-md=\"100\" data-sm=\"100\" data-vp-height=\"1\">\t\t\t<div class=\"tmb atc-typography-inherit tmb-iso-w12 tmb-iso-h100 tmb-light tmb-text-showed tmb-overlay-showed tmb-overlay-center tmb-overlay-middle tmb-overlay-text-center  grid-cat-1 tmb-no-double-tap tmb-id-118213 tmb-media-first tmb-media-last tmb-content-overlay tmb-no-bg\" ><div class=\"t-inside\" ><div class=\"t-entry-visual\"><div class=\"t-entry-visual-tc\"><div class=\"t-entry-visual-cont\"><a tabindex=\"-1\" href=\"https:\/\/www.regnbue.com.tr\/index.php\/2023\/03\/01\/profesyonel-site-yonetimi-nedir-nasil-olur\/\" target=\"_self\" data-lb-index=\"0\"><div class=\"t-entry-visual-overlay\"><div class=\"t-entry-visual-overlay-in style-color-nhtu-bg\" style=\"opacity: 0.5;\"><\/div><\/div><div class=\"t-overlay-wrap limit-width\"><div class=\"t-overlay-inner\">\n\t\t\t\t\t\t\t\t\t\t\t\t\t\t<div class=\"t-overlay-content\">\n\t\t\t\t\t\t\t\t\t\t\t\t\t\t\t<div class=\"t-overlay-text double-block-padding\"><div class=\"t-entry\"><p class=\"t-entry-meta\"><span class=\"t-entry-date\">1 Mart 2023<\/span><\/p><h3 class=\"t-entry-title font-339240 fontsize-338686 title-scale\">Profesyonel Site Y\u00f6netimi Nedir? Nas\u0131l olur?<\/h3><div class=\"spacer spacer-one single-space\"><\/div><p class=\"t-entry-readmore btn-container\"><span class=\"btn btn-default btn-circle \">Read More<\/span><\/p><\/div><\/div><\/div><\/div><\/div><div class=\"t-background-cover\" style=\"background-image:url('https:\/\/www.regnbue.com.tr\/wp-content\/uploads\/2023\/01\/Adsiz-tasarim-2-1.png')\"><\/div><\/a><\/div>\n\t\t\t\t\t<\/div>\n\t\t\t\t<\/div><\/div><\/div>\t\t<\/div>\n\t\n\n\t<\/div>\t\t\t<\/div>\n<\/div><\/div><\/div><\/div><\/div><script id=\"script-row-unique-0\" data-row=\"script-row-unique-0\" type=\"text\/javascript\" class=\"vc_controls\">UNCODE.initRow(document.getElementById(\"row-unique-0\"));<\/script><\/div><\/div><\/div><div data-parent=\"true\" class=\"vc_row row-container\" id=\"row-unique-1\"><div class=\"row no-top-padding no-bottom-padding no-h-padding full-width row-parent\" data-height-ratio=\"full\"><div class=\"wpb_row row-inner\"><div class=\"wpb_column pos-top pos-center align_center column_parent col-lg-12 single-internal-gutter\"><div class=\"uncol style-dark font-339240\"  ><div class=\"uncoltable\"><div class=\"uncell no-block-padding\" ><div class=\"uncont\"><div id=\"index-138684\" class=\"isotope-system isotope-general-light grid-general-light add-kburns\" >\n\t\t\t\n\t\t\t\t\t\t<div class=\"isotope-wrapper grid-wrapper no-gutter\">\t\t\t\t\t\t<div class=\"isotope-container grid-container isotope-layout style-metro isotope-pagination grid-pagination\" data-type=\"metro\" data-layout=\"masonry\" data-lg=\"100\" data-md=\"100\" data-sm=\"100\" data-vp-height=\"1\">\t\t\t<div class=\"tmb atc-typography-inherit tmb-iso-w12 tmb-iso-h100 tmb-light tmb-text-showed tmb-overlay-showed tmb-overlay-center tmb-overlay-middle tmb-overlay-text-center  grid-cat-1 tmb-no-double-tap tmb-id-118221 tmb-media-first tmb-media-last tmb-content-overlay tmb-no-bg\" ><div class=\"t-inside\" ><div class=\"t-entry-visual\"><div class=\"t-entry-visual-tc\"><div class=\"t-entry-visual-cont\"><a tabindex=\"-1\" href=\"https:\/\/www.regnbue.com.tr\/index.php\/2023\/01\/12\/profesyonel-site-yonetimine-nasil-gecilir\/\" target=\"_self\" data-lb-index=\"0\"><div class=\"t-entry-visual-overlay\"><div class=\"t-entry-visual-overlay-in style-color-nhtu-bg\" style=\"opacity: 0.5;\"><\/div><\/div><div class=\"t-overlay-wrap limit-width\"><div class=\"t-overlay-inner\">\n\t\t\t\t\t\t\t\t\t\t\t\t\t\t<div class=\"t-overlay-content\">\n\t\t\t\t\t\t\t\t\t\t\t\t\t\t\t<div class=\"t-overlay-text double-block-padding\"><div class=\"t-entry\"><p class=\"t-entry-meta\"><span class=\"t-entry-date\">12 Ocak 2023<\/span><\/p><h3 class=\"t-entry-title font-339240 fontsize-338686 title-scale\">Profesyonel site y\u00f6netimine nas\u0131l ge\u00e7ilir?<\/h3><div class=\"spacer spacer-one single-space\"><\/div><p class=\"t-entry-readmore btn-container\"><span class=\"btn btn-default btn-circle \">Read More<\/span><\/p><\/div><\/div><\/div><\/div><\/div><div class=\"t-background-cover\" style=\"background-image:url('https:\/\/www.regnbue.com.tr\/wp-content\/uploads\/2023\/01\/Adsiz-tasarim-4.png')\"><\/div><\/a><\/div>\n\t\t\t\t\t<\/div>\n\t\t\t\t<\/div><\/div><\/div>\t\t<\/div>\n\t\n\n\t<\/div>\t\t\t<\/div>\n<\/div><\/div><\/div><\/div><\/div><script id=\"script-row-unique-1\" data-row=\"script-row-unique-1\" type=\"text\/javascript\" class=\"vc_controls\">UNCODE.initRow(document.getElementById(\"row-unique-1\"));<\/script><\/div><\/div><\/div><div data-parent=\"true\" class=\"vc_row row-container\" id=\"row-unique-2\"><div class=\"row no-top-padding no-bottom-padding no-h-padding full-width row-parent\" data-height-ratio=\"full\"><div class=\"wpb_row row-inner\"><div class=\"wpb_column pos-top pos-center align_center column_parent col-lg-12 single-internal-gutter\"><div class=\"uncol style-dark font-339240\"  ><div class=\"uncoltable\"><div class=\"uncell no-block-padding\" ><div class=\"uncont\"><div id=\"index-138684\" class=\"isotope-system isotope-general-light grid-general-light add-kburns\" >\n\t\t\t\n\t\t\t\t\t\t<div class=\"isotope-wrapper grid-wrapper no-gutter\">\t\t\t\t\t\t<div class=\"isotope-container grid-container isotope-layout style-metro isotope-pagination grid-pagination\" data-type=\"metro\" data-layout=\"masonry\" data-lg=\"100\" data-md=\"100\" data-sm=\"100\" data-vp-height=\"1\">\t\t\t<div class=\"tmb atc-typography-inherit tmb-iso-w12 tmb-iso-h100 tmb-light tmb-text-showed tmb-overlay-showed tmb-overlay-center tmb-overlay-middle tmb-overlay-text-center  grid-cat-1 tmb-no-double-tap tmb-id-118217 tmb-media-first tmb-media-last tmb-content-overlay tmb-no-bg\" ><div class=\"t-inside\" ><div class=\"t-entry-visual\"><div class=\"t-entry-visual-tc\"><div class=\"t-entry-visual-cont\"><a tabindex=\"-1\" href=\"https:\/\/www.regnbue.com.tr\/index.php\/2023\/01\/12\/profesyonel-yonetim-nedir\/\" target=\"_self\" data-lb-index=\"0\"><div class=\"t-entry-visual-overlay\"><div class=\"t-entry-visual-overlay-in style-color-nhtu-bg\" style=\"opacity: 0.5;\"><\/div><\/div><div class=\"t-overlay-wrap limit-width\"><div class=\"t-overlay-inner\">\n\t\t\t\t\t\t\t\t\t\t\t\t\t\t<div class=\"t-overlay-content\">\n\t\t\t\t\t\t\t\t\t\t\t\t\t\t\t<div class=\"t-overlay-text double-block-padding\"><div class=\"t-entry\"><p class=\"t-entry-meta\"><span class=\"t-entry-date\">12 Ocak 2023<\/span><\/p><h3 class=\"t-entry-title font-339240 fontsize-338686 title-scale\">Mevzuat<\/h3><div class=\"spacer spacer-one single-space\"><\/div><p class=\"t-entry-readmore btn-container\"><span class=\"btn btn-default btn-circle \">Read More<\/span><\/p><\/div><\/div><\/div><\/div><\/div><div class=\"t-background-cover\" style=\"background-image:url('https:\/\/www.regnbue.com.tr\/wp-content\/uploads\/2023\/01\/Adsiz-tasarim-3.png')\"><\/div><\/a><\/div>\n\t\t\t\t\t<\/div>\n\t\t\t\t<\/div><\/div><\/div>\t\t<\/div>\n\t\n\n\t<\/div>\t\t\t<\/div>\n<\/div><\/div><\/div><\/div><\/div><script id=\"script-row-unique-2\" data-row=\"script-row-unique-2\" type=\"text\/javascript\" class=\"vc_controls\">UNCODE.initRow(document.getElementById(\"row-unique-2\"));<\/script><\/div><\/div><\/div><div data-parent=\"true\" class=\"vc_row row-container\" id=\"row-unique-3\"><div class=\"row no-top-padding no-bottom-padding no-h-padding full-width row-parent\" data-height-ratio=\"full\"><div class=\"wpb_row row-inner\"><div class=\"wpb_column pos-top pos-center align_center column_parent col-lg-12 single-internal-gutter\"><div class=\"uncol style-dark font-339240\"  ><div class=\"uncoltable\"><div class=\"uncell no-block-padding\" ><div class=\"uncont\"><div id=\"index-138684\" class=\"isotope-system isotope-general-light grid-general-light add-kburns\" >\n\t\t\t\n\t\t\t\t\t\t<div class=\"isotope-wrapper grid-wrapper no-gutter\">\t\t\t\t\t\t<div class=\"isotope-container grid-container isotope-layout style-metro isotope-pagination grid-pagination\" data-type=\"metro\" data-layout=\"masonry\" data-lg=\"100\" data-md=\"100\" data-sm=\"100\" data-vp-height=\"1\">\t\t\t<div class=\"tmb atc-typography-inherit tmb-iso-w12 tmb-iso-h100 tmb-light tmb-text-showed tmb-overlay-showed tmb-overlay-center tmb-overlay-middle tmb-overlay-text-center  grid-cat-1 tmb-no-double-tap tmb-id-118568 tmb-media-first tmb-media-last tmb-content-overlay tmb-no-bg\" ><div class=\"t-inside\" ><div class=\"t-entry-visual\"><div class=\"t-entry-visual-tc\"><div class=\"t-entry-visual-cont\"><a tabindex=\"-1\" href=\"https:\/\/www.regnbue.com.tr\/index.php\/2021\/05\/18\/kvkk\/\" target=\"_self\" data-lb-index=\"0\"><div class=\"t-entry-visual-overlay\"><div class=\"t-entry-visual-overlay-in style-color-nhtu-bg\" style=\"opacity: 0.5;\"><\/div><\/div><div class=\"t-overlay-wrap limit-width\"><div class=\"t-overlay-inner\">\n\t\t\t\t\t\t\t\t\t\t\t\t\t\t<div class=\"t-overlay-content\">\n\t\t\t\t\t\t\t\t\t\t\t\t\t\t\t<div class=\"t-overlay-text double-block-padding\"><div class=\"t-entry\"><p class=\"t-entry-meta\"><span class=\"t-entry-date\">18 May\u0131s 2021<\/span><\/p><h3 class=\"t-entry-title font-339240 fontsize-338686 title-scale\">KVKK<\/h3><div class=\"spacer spacer-one single-space\"><\/div><p class=\"t-entry-readmore btn-container\"><span class=\"btn btn-default btn-circle \">Read More<\/span><\/p><\/div><\/div><\/div><\/div><\/div><div class=\"t-background-cover\" style=\"background-image:url('https:\/\/www.regnbue.com.tr\/wp-content\/uploads\/2023\/05\/Adsiz-tasarim.png')\"><\/div><\/a><\/div>\n\t\t\t\t\t<\/div>\n\t\t\t\t<\/div><\/div><\/div>\t\t<\/div>\n\t\n\n\t<\/div>\t\t\t<\/div>\n<\/div><\/div><\/div><\/div><\/div><script id=\"script-row-unique-3\" data-row=\"script-row-unique-3\" type=\"text\/javascript\" class=\"vc_controls\">UNCODE.initRow(document.getElementById(\"row-unique-3\"));<\/script><\/div><\/div><\/div><div data-parent=\"true\" class=\"vc_row row-container\" id=\"row-unique-4\"><div class=\"row no-top-padding no-bottom-padding no-h-padding full-width row-parent\" data-height-ratio=\"full\"><div class=\"wpb_row row-inner\"><div class=\"wpb_column pos-top pos-center align_center column_parent col-lg-12 single-internal-gutter\"><div class=\"uncol style-dark font-339240\"  ><div class=\"uncoltable\"><div class=\"uncell no-block-padding\" ><div class=\"uncont\"><div id=\"index-138684\" class=\"isotope-system isotope-general-light grid-general-light\" >\n\t\t\t\t\t<div class=\"isotope-wrapper grid-wrapper no-gutter\">\t\t\t\t\t\t<div class=\"\" data-type=\"metro\" data-layout=\"masonry\" data-lg=\"1000\" data-md=\"600\" data-sm=\"480\" data-vp-height=\"1\">\t\t\t\t\t\t\t\n\t<div class=\"tmb tmb-iso-w12 tmb-iso-h1\"><p class=\"t-entry-title\">Nothing found.<\/p><\/div>\n\t\t\t\t\t<\/div>\n\t\n\n\t<\/div>\t\t\t<\/div>\n<\/div><\/div><\/div><\/div><\/div><script id=\"script-row-unique-4\" data-row=\"script-row-unique-4\" type=\"text\/javascript\" class=\"vc_controls\">UNCODE.initRow(document.getElementById(\"row-unique-4\"));<\/script><\/div><\/div><\/div>\n","protected":false},"excerpt":{"rendered":"K\u0130\u015e\u0130SEL VER\u0130LER\u0130N KORUNMASI KANUNU Kanun Numaras\u0131 : 6698 Kabul Tarihi : 24\/3\/2016 Yay\u0131mland\u0131\u011f\u0131 Resm\u00ee Gazete : Tarih : 7\/4\/2016 Say\u0131 [...]","protected":false},"author":1,"featured_media":99695,"parent":0,"menu_order":0,"comment_status":"closed","ping_status":"closed","template":"","meta":{"footnotes":""},"class_list":["post-65986","page","type-page","status-publish","has-post-thumbnail","hentry","page_category-demo-blog"],"_links":{"self":[{"href":"https:\/\/www.regnbue.com.tr\/index.php\/wp-json\/wp\/v2\/pages\/65986","targetHints":{"allow":["GET"]}}],"collection":[{"href":"https:\/\/www.regnbue.com.tr\/index.php\/wp-json\/wp\/v2\/pages"}],"about":[{"href":"https:\/\/www.regnbue.com.tr\/index.php\/wp-json\/wp\/v2\/types\/page"}],"author":[{"embeddable":true,"href":"https:\/\/www.regnbue.com.tr\/index.php\/wp-json\/wp\/v2\/users\/1"}],"replies":[{"embeddable":true,"href":"https:\/\/www.regnbue.com.tr\/index.php\/wp-json\/wp\/v2\/comments?post=65986"}],"version-history":[{"count":0,"href":"https:\/\/www.regnbue.com.tr\/index.php\/wp-json\/wp\/v2\/pages\/65986\/revisions"}],"wp:featuredmedia":[{"embeddable":true,"href":"https:\/\/www.regnbue.com.tr\/index.php\/wp-json\/wp\/v2\/media\/99695"}],"wp:attachment":[{"href":"https:\/\/www.regnbue.com.tr\/index.php\/wp-json\/wp\/v2\/media?parent=65986"}],"curies":[{"name":"wp","href":"https:\/\/api.w.org\/{rel}","templated":true}]}}