{"id":75812,"date":"2019-01-03T17:55:17","date_gmt":"2019-01-03T16:55:17","guid":{"rendered":"https:\/\/undsgn.com\/uncode\/?page_id=75812"},"modified":"2019-01-03T17:55:17","modified_gmt":"2019-01-03T16:55:17","slug":"blog-newspaper","status":"publish","type":"page","link":"https:\/\/www.regnbue.com.tr\/index.php\/blog-newspaper\/","title":{"rendered":"Blog Newspaper"},"content":{"rendered":"<div data-parent=\"true\" class=\"vc_row style-color-nhtu-bg row-container\" id=\"row-unique-0\"><div class=\"row no-top-padding no-bottom-padding no-h-padding full-width row-parent\" data-height-ratio=\"80\"><div class=\"wpb_row row-inner\"><div class=\"wpb_column pos-top pos-center align_center column_parent col-lg-12 single-internal-gutter\"><div class=\"uncol style-dark font-613363\"  ><div class=\"uncoltable\"><div class=\"uncell no-block-padding\" ><div class=\"uncont\"><div class=\"owl-carousel-wrapper carousel-animation-first\" >\n\t\t\t\t\t<div class=\"owl-carousel-container owl-carousel-loading no-gutter\">\t\t\t\t\t\t<div id=\"index-1\" class=\"owl-carousel owl-element owl-height-viewport owl-dots-db-space owl-dots-inside owl-dots-single-block-padding owl-dots-align-center\" data-fade=\"true\" data-loop=\"true\" data-dots=\"true\" data-dotsmobile=\"true\" data-nav=\"true\" data-navmobile=\"false\" data-navskin=\"light\" data-navspeed=\"700\" data-autoplay=\"true\" data-timeout=\"5000\" data-stagepadding=\"0\" data-lg=\"1\" data-md=\"1\" data-sm=\"1\" data-vp-height=\"80\">\t\t\t<div class=\"tmb tmb-carousel atc-typography-inherit tmb-iso-h33 tmb-light tmb-text-showed tmb-overlay-showed tmb-overlay-center tmb-overlay-middle tmb-overlay-text-center  grid-cat-1 tmb-id-118213 tmb-media-first tmb-media-last tmb-content-overlay tmb-no-bg\" ><div class=\"t-inside animate_when_almost_visible alpha-anim\" ><div class=\"t-entry-visual\"><div class=\"t-entry-visual-tc\"><div class=\"t-entry-visual-cont\"><div class=\"t-entry-visual-overlay\"><div class=\"t-entry-visual-overlay-in style-color-nhtu-bg\" style=\"opacity: 0.35;\"><\/div><\/div><div class=\"t-overlay-wrap limit-width\"><div class=\"t-overlay-inner\">\n\t\t\t\t\t\t\t\t\t\t\t\t\t\t<div class=\"t-overlay-content\">\n\t\t\t\t\t\t\t\t\t\t\t\t\t\t\t<div class=\"t-overlay-text double-block-padding\"><div class=\"t-entry\"><p class=\"t-entry-meta\"><span class=\"t-entry-category t-entry-tax\"><a class=\"bordered-cat tmb-term-evidence font-ui\" href=\"https:\/\/www.regnbue.com.tr\/index.php\/category\/genel\/\">Genel<\/a><\/span><\/p><h3 class=\"t-entry-title font-613363 fontsize-155944 font-weight-500 fontspace-781688 title-scale\"><a href=\"https:\/\/www.regnbue.com.tr\/index.php\/2023\/03\/01\/profesyonel-site-yonetimi-nedir-nasil-olur\/\" target=\"_self\">Profesyonel Site Y\u00f6netimi Nedir? Nas\u0131l olur?<\/a><\/h3><div class=\"spacer spacer-one half-space\"><\/div><div class=\"t-entry-excerpt text-lead\"><p class=\"text-lead\"><\/p><\/div><div class=\"spacer spacer-two single-space\"><\/div><p class=\"t-entry-readmore btn-container\"><a href=\"https:\/\/www.regnbue.com.tr\/index.php\/2023\/03\/01\/profesyonel-site-yonetimi-nedir-nasil-olur\/\" class=\"btn btn-default btn-circle \" target=\"_self\">Read More<\/a><\/p><\/div><\/div><\/div><\/div><\/div><a href=\"https:\/\/www.regnbue.com.tr\/index.php\/2023\/03\/01\/profesyonel-site-yonetimi-nedir-nasil-olur\/\" class=\"t-background-click\" target=\"_self\">\n\t\t\t\t\t\t\t\t\t\t\t\t<div class=\"t-background-cover\" style=\"background-image:url('https:\/\/www.regnbue.com.tr\/wp-content\/uploads\/2023\/01\/Adsiz-tasarim-2-1.png')\"><\/div>\n\t\t\t\t\t\t\t\t\t\t\t<\/a><\/div>\n\t\t\t\t\t<\/div>\n\t\t\t\t<\/div><\/div><\/div><div class=\"tmb tmb-carousel atc-typography-inherit tmb-iso-h33 tmb-light tmb-text-showed tmb-overlay-showed tmb-overlay-center tmb-overlay-middle tmb-overlay-text-center  grid-cat-1 tmb-id-118221 tmb-media-first tmb-media-last tmb-content-overlay tmb-no-bg\" ><div class=\"t-inside animate_when_almost_visible alpha-anim\" ><div class=\"t-entry-visual\"><div class=\"t-entry-visual-tc\"><div class=\"t-entry-visual-cont\"><div class=\"t-entry-visual-overlay\"><div class=\"t-entry-visual-overlay-in style-color-nhtu-bg\" style=\"opacity: 0.35;\"><\/div><\/div><div class=\"t-overlay-wrap limit-width\"><div class=\"t-overlay-inner\">\n\t\t\t\t\t\t\t\t\t\t\t\t\t\t<div class=\"t-overlay-content\">\n\t\t\t\t\t\t\t\t\t\t\t\t\t\t\t<div class=\"t-overlay-text double-block-padding\"><div class=\"t-entry\"><p class=\"t-entry-meta\"><span class=\"t-entry-category t-entry-tax\"><a class=\"bordered-cat tmb-term-evidence font-ui\" href=\"https:\/\/www.regnbue.com.tr\/index.php\/category\/genel\/\">Genel<\/a><\/span><\/p><h3 class=\"t-entry-title font-613363 fontsize-155944 font-weight-500 fontspace-781688 title-scale\"><a href=\"https:\/\/www.regnbue.com.tr\/index.php\/2023\/01\/12\/profesyonel-site-yonetimine-nasil-gecilir\/\" target=\"_self\">Profesyonel site y\u00f6netimine nas\u0131l ge\u00e7ilir?<\/a><\/h3><div class=\"spacer spacer-one half-space\"><\/div><div class=\"t-entry-excerpt text-lead\"><p class=\"text-lead\"><\/p><\/div><div class=\"spacer spacer-two single-space\"><\/div><p class=\"t-entry-readmore btn-container\"><a href=\"https:\/\/www.regnbue.com.tr\/index.php\/2023\/01\/12\/profesyonel-site-yonetimine-nasil-gecilir\/\" class=\"btn btn-default btn-circle \" target=\"_self\">Read More<\/a><\/p><\/div><\/div><\/div><\/div><\/div><a href=\"https:\/\/www.regnbue.com.tr\/index.php\/2023\/01\/12\/profesyonel-site-yonetimine-nasil-gecilir\/\" class=\"t-background-click\" target=\"_self\">\n\t\t\t\t\t\t\t\t\t\t\t\t<div class=\"t-background-cover\" style=\"background-image:url('https:\/\/www.regnbue.com.tr\/wp-content\/uploads\/2023\/01\/Adsiz-tasarim-4.png')\"><\/div>\n\t\t\t\t\t\t\t\t\t\t\t<\/a><\/div>\n\t\t\t\t\t<\/div>\n\t\t\t\t<\/div><\/div><\/div><div class=\"tmb tmb-carousel atc-typography-inherit tmb-iso-h33 tmb-light tmb-text-showed tmb-overlay-showed tmb-overlay-center tmb-overlay-middle tmb-overlay-text-center  grid-cat-1 tmb-id-118217 tmb-media-first tmb-media-last tmb-content-overlay tmb-no-bg\" ><div class=\"t-inside animate_when_almost_visible alpha-anim\" ><div class=\"t-entry-visual\"><div class=\"t-entry-visual-tc\"><div class=\"t-entry-visual-cont\"><div class=\"t-entry-visual-overlay\"><div class=\"t-entry-visual-overlay-in style-color-nhtu-bg\" style=\"opacity: 0.35;\"><\/div><\/div><div class=\"t-overlay-wrap limit-width\"><div class=\"t-overlay-inner\">\n\t\t\t\t\t\t\t\t\t\t\t\t\t\t<div class=\"t-overlay-content\">\n\t\t\t\t\t\t\t\t\t\t\t\t\t\t\t<div class=\"t-overlay-text double-block-padding\"><div class=\"t-entry\"><p class=\"t-entry-meta\"><span class=\"t-entry-category t-entry-tax\"><a class=\"bordered-cat tmb-term-evidence font-ui\" href=\"https:\/\/www.regnbue.com.tr\/index.php\/category\/genel\/\">Genel<\/a><\/span><\/p><h3 class=\"t-entry-title font-613363 fontsize-155944 font-weight-500 fontspace-781688 title-scale\"><a href=\"https:\/\/www.regnbue.com.tr\/index.php\/2023\/01\/12\/profesyonel-yonetim-nedir\/\" target=\"_self\">Mevzuat<\/a><\/h3><div class=\"spacer spacer-one half-space\"><\/div><div class=\"t-entry-excerpt text-lead\"><p class=\"text-lead\"><\/p><\/div><div class=\"spacer spacer-two single-space\"><\/div><p class=\"t-entry-readmore btn-container\"><a href=\"https:\/\/www.regnbue.com.tr\/index.php\/2023\/01\/12\/profesyonel-yonetim-nedir\/\" class=\"btn btn-default btn-circle \" target=\"_self\">Read More<\/a><\/p><\/div><\/div><\/div><\/div><\/div><a href=\"https:\/\/www.regnbue.com.tr\/index.php\/2023\/01\/12\/profesyonel-yonetim-nedir\/\" class=\"t-background-click\" target=\"_self\">\n\t\t\t\t\t\t\t\t\t\t\t\t<div class=\"t-background-cover\" style=\"background-image:url('https:\/\/www.regnbue.com.tr\/wp-content\/uploads\/2023\/01\/Adsiz-tasarim-3.png')\"><\/div>\n\t\t\t\t\t\t\t\t\t\t\t<\/a><\/div>\n\t\t\t\t\t<\/div>\n\t\t\t\t<\/div><\/div><\/div>\t\t<\/div>\n\t\n\n\t<\/div>\t\t\t<\/div>\n<\/div><\/div><\/div><\/div><\/div><script id=\"script-row-unique-0\" data-row=\"script-row-unique-0\" type=\"text\/javascript\" class=\"vc_controls\">UNCODE.initRow(document.getElementById(\"row-unique-0\"));<\/script><\/div><\/div><\/div><div data-parent=\"true\" class=\"vc_row row-container\" id=\"row-unique-1\"><div class=\"row col-half-gutter quad-top-padding quad-bottom-padding single-h-padding limit-width row-parent\"><div class=\"wpb_row row-inner\"><div class=\"wpb_column pos-top pos-center align_left column_parent col-lg-12 double-internal-gutter\"><div class=\"uncol style-light font-613363\"  ><div class=\"uncoltable\"><div class=\"uncell no-block-padding\" ><div class=\"uncont\"><div id=\"index-2\" class=\"isotope-system isotope-general-light grid-general-light\" >\n\t\t\t\n\t\t\t\t\t\t<div class=\"isotope-wrapper grid-wrapper single-gutter\">\t\t\t\t\t\t<div class=\"isotope-container grid-container isotope-layout style-masonry isotope-pagination grid-pagination\" data-type=\"masonry\" data-layout=\"fitRows\" data-lg=\"480\" data-md=\"480\" data-sm=\"480\" data-vp-height=\"\">\t\t\t<div class=\"tmb atc-typography-inherit tmb-iso-w4 tmb-iso-h4 tmb-light tmb-text-showed tmb-overlay-anim tmb-content-left tmb-image-anim  grid-cat-1 tmb-id-118568 tmb-img-ratio tmb-content-under tmb-media-first tmb-no-bg\" ><div class=\"t-inside\" ><div class=\"t-entry-visual\"><div class=\"t-entry-visual-tc\"><div class=\"t-entry-visual-cont\"><span class=\"t-cat-over single-block-padding t-cat-over-topright\"><span class=\"t-entry-category t-cat-over-inner\"><a class=\"bordered-cat tmb-term-evidence font-ui\" href=\"https:\/\/www.regnbue.com.tr\/index.php\/category\/genel\/\">Genel<\/a><\/span><\/span><div class=\"dummy\" style=\"padding-top: 66.7%;\"><\/div><a tabindex=\"-1\" href=\"https:\/\/www.regnbue.com.tr\/index.php\/2021\/05\/18\/kvkk\/\" class=\"pushed\" target=\"_self\" data-lb-index=\"0\"><div class=\"t-entry-visual-overlay\"><div class=\"t-entry-visual-overlay-in style-color-nhtu-bg\" style=\"opacity: 0.2;\"><\/div><\/div><img decoding=\"async\" class=\"wp-image-118569\" src=\"https:\/\/www.regnbue.com.tr\/wp-content\/uploads\/2023\/05\/Adsiz-tasarim-uai-1080x720.png\" width=\"1080\" height=\"720\" alt=\"\" \/><\/a><\/div>\n\t\t\t\t\t<\/div>\n\t\t\t\t<\/div><div class=\"t-entry-text\">\n\t\t\t\t\t\t\t\t\t<div class=\"t-entry-text-tc single-block-padding\"><div class=\"t-entry\"><p class=\"t-entry-meta\"><span class=\"t-entry-date\">18 May\u0131s 2021<\/span><\/p><h3 class=\"t-entry-title font-613363 h5 font-weight-500 fontheight-357766 fontspace-781688 title-scale\"><a href=\"https:\/\/www.regnbue.com.tr\/index.php\/2021\/05\/18\/kvkk\/\" target=\"_self\">KVKK<\/a><\/h3><div class=\"t-entry-excerpt \"><\/div><\/div><\/div>\n\t\t\t\t\t\t\t<\/div><\/div><\/div>\t\t<\/div>\n\t\n\n\t<\/div>\t\t\t<\/div>\n<\/div><\/div><\/div><\/div><\/div><script id=\"script-row-unique-1\" data-row=\"script-row-unique-1\" type=\"text\/javascript\" class=\"vc_controls\">UNCODE.initRow(document.getElementById(\"row-unique-1\"));<\/script><\/div><\/div><\/div><div data-parent=\"true\" class=\"vc_row demos style-color-wayh-bg row-container\" id=\"row-unique-2\"><div class=\"row col-no-gutter quad-top-padding quad-bottom-padding no-h-padding limit-width row-parent\"><div class=\"wpb_row row-inner\"><div class=\"wpb_column pos-top pos-center align_center column_parent col-lg-12 double-internal-gutter\"><div class=\"uncol style-dark font-613363\"  ><div class=\"uncoltable\"><div class=\"uncell no-block-padding\" ><div class=\"uncont\"><div class=\"vc_custom_heading_wrap \"><div class=\"heading-text el-text\" ><h2 class=\"font-613363 fontsize-160000 fontspace-135905 font-weight-500 text-uppercase\" ><span>Editor&#8217;s Picks<\/span><\/h2><\/div><div class=\"clear\"><\/div><\/div><div class=\"owl-carousel-wrapper carousel-overflow-visible carousel-not-clickable\" >\n\t\t\t\t\t<div class=\"owl-carousel-container owl-carousel-loading double-gutter\">\t\t\t\t\t\t<div id=\"index-104181659777\" class=\"\" data-loop=\"true\" data-dots=\"true\" data-dotsmobile=\"true\" data-navmobile=\"false\" data-navspeed=\"400\" data-autoplay=\"false\" data-stagepadding=\"20\" data-lg=\"1\" data-md=\"1\" data-sm=\"1\" data-vp-height=\"false\">\t\t\t\t\t\t\t\n\t<div class=\"tmb tmb-iso-w12 tmb-iso-h1\"><p class=\"t-entry-title\">Nothing found.<\/p><\/div>\n\t\t\t\t\t<\/div>\n\t\n\n\t<\/div>\t\t\t<\/div>\n<\/div><\/div><\/div><\/div><\/div><script id=\"script-row-unique-2\" data-row=\"script-row-unique-2\" type=\"text\/javascript\" class=\"vc_controls\">UNCODE.initRow(document.getElementById(\"row-unique-2\"));<\/script><\/div><\/div><\/div><div data-parent=\"true\" class=\"vc_row row-container\" id=\"row-unique-3\"><div class=\"row col-half-gutter quad-top-padding quad-bottom-padding single-h-padding limit-width row-parent\"><div class=\"wpb_row row-inner\"><div class=\"wpb_column pos-top pos-center align_center column_parent col-lg-12 double-internal-gutter\"><div class=\"uncol style-light font-613363\"  ><div class=\"uncoltable\"><div class=\"uncell no-block-padding\" ><div class=\"uncont\"><div class=\"vc_custom_heading_wrap \"><div class=\"heading-text el-text\" ><h2 class=\"font-613363 fontsize-160000 fontspace-135905 font-weight-500 text-uppercase\" ><span>Highlights<\/span><\/h2><\/div><div class=\"clear\"><\/div><\/div><div id=\"index-3\" class=\"isotope-system isotope-general-light grid-general-light\" >\n\t\t\t\t\t<div class=\"isotope-wrapper grid-wrapper half-gutter\">\t\t\t\t\t\t<div class=\"\" data-type=\"metro\" data-layout=\"masonry\" data-lg=\"960\" data-md=\"480\" data-sm=\"480\" data-vp-height=\"\">\t\t\t\t\t\t\t\n\t<div class=\"tmb tmb-iso-w12 tmb-iso-h1\"><p class=\"t-entry-title\">Nothing found.<\/p><\/div>\n\t\t\t\t\t<\/div>\n\t\n\n\t<\/div>\t\t\t<\/div>\n<\/div><\/div><\/div><\/div><\/div><script id=\"script-row-unique-3\" data-row=\"script-row-unique-3\" type=\"text\/javascript\" class=\"vc_controls\">UNCODE.initRow(document.getElementById(\"row-unique-3\"));<\/script><\/div><\/div><\/div><div data-parent=\"true\" class=\"vc_row style-color-nhtu-bg row-container\" id=\"row-unique-4\"><div class=\"row no-top-padding no-bottom-padding no-h-padding full-width row-parent\" data-height-ratio=\"70\"><div class=\"wpb_row row-inner\"><div class=\"wpb_column pos-top pos-center align_center column_parent col-lg-12 single-internal-gutter\"><div class=\"uncol style-dark font-613363\"  ><div class=\"uncoltable\"><div class=\"uncell no-block-padding\" ><div class=\"uncont\"><div id=\"index-147794567\" class=\"isotope-system isotope-general-light grid-general-light\" >\n\t\t\t\t\t<div class=\"isotope-wrapper grid-wrapper no-gutter\">\t\t\t\t\t\t<div class=\"\" data-type=\"metro\" data-layout=\"masonry\" data-lg=\"1000\" data-md=\"600\" data-sm=\"480\" data-vp-height=\"1\">\t\t\t\t\t\t\t\n\t<div class=\"tmb tmb-iso-w12 tmb-iso-h1\"><p class=\"t-entry-title\">Nothing found.<\/p><\/div>\n\t\t\t\t\t<\/div>\n\t\n\n\t<\/div>\t\t\t<\/div>\n<\/div><\/div><\/div><\/div><\/div><script id=\"script-row-unique-4\" data-row=\"script-row-unique-4\" type=\"text\/javascript\" class=\"vc_controls\">UNCODE.initRow(document.getElementById(\"row-unique-4\"));<\/script><\/div><\/div><\/div><div data-parent=\"true\" class=\"vc_row vc_custom_1618208258204 border-color-gyho-color row-container\" style=\"border-style: solid;border-top-width: 1px ;\" id=\"row-unique-5\"><div class=\"row quad-top-padding quad-bottom-padding single-h-padding limit-width row-parent\"><div class=\"wpb_row row-inner\"><div class=\"wpb_column pos-top pos-center align_center column_parent col-lg-12 double-internal-gutter\"><div class=\"uncol style-light font-613363\"  ><div class=\"uncoltable\"><div class=\"uncell no-block-padding\" ><div class=\"uncont\"><div class=\"vc_custom_heading_wrap \"><div class=\"heading-text el-text\" ><h2 class=\"font-613363 fontsize-160000 fontspace-135905 font-weight-500 text-uppercase\" ><span>More stories<\/span><\/h2><\/div><div class=\"clear\"><\/div><\/div><div id=\"index-147794564\" class=\"isotope-system isotope-general-light grid-general-light\" >\n\t\t\t\t\t<div class=\"isotope-wrapper grid-wrapper single-gutter\">\t\t\t\t\t\t<div class=\"\" data-type=\"masonry\" data-layout=\"fitRows\" data-lg=\"480\" data-md=\"480\" data-sm=\"480\" data-vp-height=\"\">\t\t\t\t\t\t\t\n\t<div class=\"tmb tmb-iso-w12 tmb-iso-h1\"><p class=\"t-entry-title\">Nothing found.<\/p><\/div>\n\t\t\t\t\t<\/div>\n\t\n\n\t<\/div>\t\t\t<\/div>\n<\/div><\/div><\/div><\/div><\/div><script id=\"script-row-unique-5\" data-row=\"script-row-unique-5\" type=\"text\/javascript\" class=\"vc_controls\">UNCODE.initRow(document.getElementById(\"row-unique-5\"));<\/script><\/div><\/div><\/div>\n","protected":false},"excerpt":{"rendered":"K\u0130\u015e\u0130SEL VER\u0130LER\u0130N KORUNMASI KANUNU Kanun Numaras\u0131 : 6698 Kabul Tarihi : 24\/3\/2016 Yay\u0131mland\u0131\u011f\u0131 Resm\u00ee Gazete : Tarih : 7\/4\/2016 Say\u0131 [...]","protected":false},"author":1,"featured_media":99690,"parent":0,"menu_order":0,"comment_status":"closed","ping_status":"closed","template":"","meta":{"footnotes":""},"class_list":["post-75812","page","type-page","status-publish","has-post-thumbnail","hentry","page_category-demo-blog"],"_links":{"self":[{"href":"https:\/\/www.regnbue.com.tr\/index.php\/wp-json\/wp\/v2\/pages\/75812","targetHints":{"allow":["GET"]}}],"collection":[{"href":"https:\/\/www.regnbue.com.tr\/index.php\/wp-json\/wp\/v2\/pages"}],"about":[{"href":"https:\/\/www.regnbue.com.tr\/index.php\/wp-json\/wp\/v2\/types\/page"}],"author":[{"embeddable":true,"href":"https:\/\/www.regnbue.com.tr\/index.php\/wp-json\/wp\/v2\/users\/1"}],"replies":[{"embeddable":true,"href":"https:\/\/www.regnbue.com.tr\/index.php\/wp-json\/wp\/v2\/comments?post=75812"}],"version-history":[{"count":0,"href":"https:\/\/www.regnbue.com.tr\/index.php\/wp-json\/wp\/v2\/pages\/75812\/revisions"}],"wp:featuredmedia":[{"embeddable":true,"href":"https:\/\/www.regnbue.com.tr\/index.php\/wp-json\/wp\/v2\/media\/99690"}],"wp:attachment":[{"href":"https:\/\/www.regnbue.com.tr\/index.php\/wp-json\/wp\/v2\/media?parent=75812"}],"curies":[{"name":"wp","href":"https:\/\/api.w.org\/{rel}","templated":true}]}}